{"id":1449,"date":"2025-07-09T17:38:27","date_gmt":"2025-07-09T15:38:27","guid":{"rendered":"https:\/\/creativityweb.eu\/?page_id=1449"},"modified":"2025-08-06T16:11:39","modified_gmt":"2025-08-06T14:11:39","slug":"termini-e-condizioni","status":"publish","type":"page","link":"https:\/\/cornershopsorrento.com\/en\/termini-e-condizioni\/","title":{"rendered":"Terms of Use"},"content":{"rendered":"<div id=\"fws_69deed10453a4\"  data-column-margin=\"default\" data-midnight=\"dark\"  class=\"wpb_row vc_row-fluid vc_row full-width-section\"  style=\"padding-top: 0px; padding-bottom: 0px; \"><div class=\"row-bg-wrap\" data-bg-animation=\"none\" data-bg-animation-delay=\"\" data-bg-overlay=\"false\"><div class=\"inner-wrap row-bg-layer\" ><div class=\"row-bg viewport-desktop\"  style=\"\"><\/div><\/div><\/div><div class=\"row_col_wrap_12 col span_12 dark left\">\n\t<div  class=\"vc_col-sm-12 wpb_column column_container vc_column_container col no-extra-padding inherit_tablet inherit_phone\"  data-padding-pos=\"all\" data-has-bg-color=\"false\" data-bg-color=\"\" data-bg-opacity=\"1\" data-animation=\"\" data-delay=\"0\" >\n\t\t<div class=\"vc_column-inner\" >\n\t\t\t<div class=\"wpb_wrapper\">\n\t\t\t\t\n<div class=\"wpb_text_column wpb_content_element\" >\n\t<div class=\"wpb_wrapper\">\n\t\t<div class=\"cs-terms-conditions\" style=\"padding: 60px 30px; background: #ffffff;\">\n<h2 style=\"font-size: 24px;\">\ud83d\udcc4 Terms and Conditions of Use<\/h2>\n<p style=\"font-size: 16px; color: #444;\" class=\"translation-block\">Condizioni generali di vendita per acquisti su <strong>CORNERSHOPSORRENTO.COM<br>\r\n<\/strong><\/p>\n<ul>\n<li>Definitions<\/li>\n<li>Object<\/li>\n<li>Purchase Methods<\/li>\n<li>Conclusion of the Contract<\/li>\n<li>Payment<\/li>\n<li>Shipping<\/li>\n<li>Warranty for defective goods<\/li>\n<li>Privacy e Cookie<\/li>\n<\/ul>\n<p>Preamble: The offer and sale of products on the website cornershopsorrento.com are governed by the following general terms and conditions of sale. The products purchased on the site are sold by:<\/p>\n<p class=\"lc_name\"><strong>ELIGIO&#8217; SRL<\/strong><\/p>\n<div><strong>Via San Francesco, 1680067\u00a0SORRENTO\u00a0(NA)<\/strong><\/div>\n<div><strong>P.I.\u00a0\u00a007384191214<\/strong><strong>\u00a0<\/strong><\/div>\n<h3 style=\"font-size: 20px; margin-top: 40px;\">\ud83d\udccc Definitions<\/h3>\n<ul style=\"font-size: 16px; color: #444; line-height: 1.6; padding-left: 20px;\">\n<li class=\"translation-block\">Customer: a natural or legal person who purchases for purposes unrelated to entrepreneurial activity.<\/li>\n<li class=\"translation-block\">Site: the set of web pages of CORNERSHOPSORRENTO.COM.<\/li>\n<li class=\"translation-block\">Prices: the costs of the products indicated on the site.<\/li>\n<li class=\"translation-block\">Delivery costs: the shipping costs.<\/li>\n<li class=\"translation-block\">Promotions: sales under special conditions and for limited periods.<\/li>\n<li><strong>Cart: virtual container of the selected products.<\/strong>: contenitore virtuale dei prodotti selezionati<\/li>\n<li class=\"translation-block\">Terms of sale: these rules governing the relationship between the Customer and CORNERSHOPSORRENTO.COM.<\/li>\n<li class=\"translation-block\">Delivery: timing between 3 and 7 working days.<\/li>\n<\/ul>\n<h3 style=\"font-size: 20px; margin-top: 40px;\">\ud83c\udfaf Object<\/h3>\n<p style=\"font-size: 16px; color: #444;\" class=\"translation-block\">L\u2019offerta e la vendita sul sito web CORNERSOPSORRENTO.COM&nbsp;integrano un contratto a distanza disciplinato dagli artt. 50 ss. del Decreto Legislativo 6 settembre 2005, n. 206 (Codice del Consumo), nonch\u00e9 dal Decreto Legislativo 9 aprile 2003 n. 70 (c.d. Legge sul Commercio Elettronico). L\u2019acquisto dei prodotti \u00e8 destinato ai consumatori.<br>\r\nLe presenti Condizioni di vendita disciplinano il rapporto tra il Cliente e CORNERSOPSORRENTO.COM&nbsp;per l\u2019acquisto dei Prodotti sul Sito.<br>\r\nIl Cliente \u00e8 tenuto a leggere attentamente le Condizioni di vendita che CORNERSOPSORRENTO.COM&nbsp;mette a sua disposizione anche al fine di consentirgli la riproduzione e la memorizzazione delle ricordate Condizioni in ottemperanza a quanto disposto dall\u2019art. 12, co. 3\u00b0 del D. Lgs. n. 70\/2003. Lgs. n. 70\/2003.<\/p>\n<h3 style=\"font-size: 20px; margin-top: 40px;\">\ud83d\udecd\ufe0f Purchase Methods<\/h3>\n<ol>\n<li style=\"font-size: 16px; color: #444;\">To purchase Products, the Customer must register by entering their details, following the instructions provided by the registration program, and complete and submit to CORNERSHOPSORRENTO.COM the electronic purchase order form available on the site, following the instructions contained therein. Purchase orders must be completed in their entirety.<\/li>\n<li style=\"font-size: 16px; color: #444;\">The Customer must place the selected Product(s) in the \u201cCart\u201d and, after reviewing and accepting the delivery costs, may proceed with the purchase.\nIf the Customer needs to modify the purchase order or change any data contained therein, they must follow the modification procedure on the site. In particular, the Customer may change the quantity of Products to be purchased by adding or removing one or more Products from the Cart.<\/li>\n<li style=\"font-size: 16px; color: #444;\">Qualora il Cliente abbia necessit\u00e0 di modificare l\u2019ordine di acquisto ovvero di modificare alcuni dati in esso contenuti dovr\u00e0 seguire l\u2019apposita procedura di modifica contenuta nel sito. In particolare il Cliente avr\u00e0 la facolt\u00e0 di modificare la quantit\u00e0 dei Prodotti che intende acquistare, aggiungendo o eliminando uno o pi\u00f9 Prodotti dal Carrello.<\/li>\n<li style=\"font-size: 16px; color: #444;\">Once this operation is completed, the Customer will see a summary of the purchase order, including delivery costs, with a request for further confirmation of the purchase procedure.<\/li>\n<li style=\"font-size: 16px; color: #444;\">After viewing the summary, the Customer must select the desired payment method.<\/li>\n<\/ol>\n<h3 style=\"font-size: 20px; margin-top: 40px;\">\ud83e\uddfe Conclusion of the Contract<\/h3>\n<ol>\n<li style=\"font-size: 16px; color: #444;\">By confirming the purchase order, the Customer declares to have fully understood and accepted the terms of sale and other information provided on the site.<\/li>\n<li style=\"font-size: 16px; color: #444;\">The Order Confirmation sent by CORNERSHOPSORRENTO.COM to the Customer's email address constitutes acceptance of the contractual proposal.<\/li>\n<li style=\"font-size: 16px; color: #444;\">The contract is concluded, and binding for both parties, when the Order Confirmation is sent to the Customer.<\/li>\n<li style=\"font-size: 16px; color: #444;\">The Order Confirmation will include: purchased products, price, payment methods, delivery costs, and right of withdrawal, in accordance with Article 13 of Legislative Decree No. 70\/03.<\/li>\n<li style=\"font-size: 16px; color: #444;\">After payment, the Customer will receive an email notification of payment receipt; from that moment, preparation and shipping times begin.<\/li>\n<li style=\"font-size: 16px; color: #444;\">If our staff finds errors in the order or deems it impossible to fulfill within the requested times and methods, the Customer will be promptly informed.<\/li>\n<li style=\"font-size: 16px; color: #444;\">CORNERSHOPSORRENTO.COM is not liable for damages due to partial or total non-acceptance of an order or cancellation for non-payment.<\/li>\n<li style=\"font-size: 16px; color: #444;\">Product availability on the website is constantly updated but may vary without notice.<\/li>\n<li style=\"font-size: 16px; color: #444;\">Product images may differ in color, size, or accessories from the description.<\/li>\n<\/ol>\n<h3 style=\"font-size: 20px; margin-top: 40px;\">\ud83d\udcb3 Payment<\/h3>\n<ol>\n<li style=\"font-size: 16px; color: #444;\">Prices are expressed in Euro\/Dollar and include applicable taxes.<\/li>\n<li style=\"font-size: 16px; color: #444;\">Delivery costs are not included and will be indicated in the order summary.<\/li>\n<li style=\"font-size: 16px; color: #444;\">The price is that indicated on the site at the time of the order.<\/li>\n<li style=\"font-size: 16px; color: #444;\">Accepted payment methods: PayPal\u2122 account or credit card (American Express, MasterCard, Visa).<\/li>\n<li style=\"font-size: 16px; color: #444;\">Payments with PayPal\u2122 are processed directly by PayPal\u2122 without storing card details.<\/li>\n<li style=\"font-size: 16px; color: #444;\">No other payment methods are accepted.<\/li>\n<\/ol>\n<h3 style=\"font-size: 20px; margin-top: 40px;\">\ud83d\udee1\ufe0f Warranty for Defective Goods<\/h3>\n<ol>\n<li style=\"font-size: 16px; color: #444;\" class=\"translation-block\">If damaged goods are found upon receipt, notify us within 24 hours by emailing info@cornershopsorrento.com with photos of the damaged goods and order\/shipping reference.\nWe will refund the cost or send a replacement at our expense.<\/li>\n<li style=\"font-size: 16px; color: #444;\">Purchases are subject to Legislative Decree 206\/05 (distance contracts). The customer may withdraw within 10 working days, returning the goods for a refund.<\/li>\n<li style=\"font-size: 16px; color: #444;\">The right of withdrawal does not apply to sealed products that have been opened.<\/li>\n<\/ol>\n<h3 style=\"font-size: 20px; margin-top: 40px;\">\ud83d\udd01 Right of Withdrawal<\/h3>\n<p style=\"font-size: 16px; color: #444;\">The Customer may withdraw within 10 working days if the product is intact. Refunds are made upon receipt of goods. No returns for opened sealed products.<\/p>\n<h3 style=\"font-size: 20px; margin-top: 40px;\">\ud83d\udd10 Privacy<\/h3>\n<p style=\"font-size: 16px; color: #444;\" class=\"translation-block\">Data processing complies with Legislative Decree 196\/2003. Data are collected to execute the contract and for statistical purposes. See the<\/p>\n<h3 style=\"font-size: 20px; margin-top: 40px;\">\ud83c\udf6a Cookie<\/h3>\n<p style=\"font-size: 16px; color: #444;\" class=\"translation-block\">Technical and profiling cookies may be used during browsing. For deatils see the Cookie Policy<\/p>\n<h3 style=\"font-size: 20px; margin-top: 40px;\">\ud83d\udcec Contacts<\/h3>\n<p style=\"font-size: 16px; color: #444;\"><strong>ELIGI\u00d2 SRL<\/strong><br \/>\nVia San Francesco, 168<br \/>\n80067 Sorrento (NA) \u2013 Italia<br \/>\nP.IVA 07384191214<br \/>\nTel: 081 878 3322<br \/>\nEmail: <a href=\"mailto:info@cornershopsorrento.com\">cornershopsorrento@gmail.com<\/a><\/p>\n<\/div>\n\t<\/div>\n<\/div>\n\n\n\n\n\t\t\t<\/div> \n\t\t<\/div>\n\t<\/div> \n<\/div><\/div>","protected":false},"excerpt":{"rendered":"\ud83d\udcc4 Termini e condizioni d'uso Condizioni generali di vendita per acquisti su CORNERSHOPSORRENTO.COM Definizioni Oggetto Modalit\u00e0 di acquisto Conclusione del contratto Pagamento Spedizioni Garanzia per merce difettosa Privacy e Cookie...","protected":false},"author":1,"featured_media":0,"parent":0,"menu_order":0,"comment_status":"closed","ping_status":"closed","template":"","meta":{"footnotes":""},"class_list":["post-1449","page","type-page","status-publish"],"yoast_head":"<!-- This site is optimized with the Yoast SEO plugin v27.0 - https:\/\/yoast.com\/product\/yoast-seo-wordpress\/ -->\n<title>Termini e Condizioni | CornerShop Sorrento<\/title>\n<meta name=\"description\" content=\"Leggi i termini e condizioni di vendita di CornerShop Sorrento: modalit\u00e0 di acquisto, spedizioni, pagamenti, garanzie e tutela della privacy.\" \/>\n<meta name=\"robots\" content=\"index, follow, max-snippet:-1, max-image-preview:large, max-video-preview:-1\" \/>\n<link rel=\"canonical\" href=\"https:\/\/cornershopsorrento.com\/en\/termini-e-condizioni\/\" \/>\n<meta property=\"og:locale\" content=\"en_US\" \/>\n<meta property=\"og:type\" content=\"article\" \/>\n<meta property=\"og:title\" content=\"Termini e Condizioni | CornerShop Sorrento\" \/>\n<meta property=\"og:description\" content=\"Leggi i termini e condizioni di vendita di CornerShop Sorrento: modalit\u00e0 di acquisto, spedizioni, pagamenti, garanzie e tutela della privacy.\" \/>\n<meta property=\"og:url\" content=\"https:\/\/cornershopsorrento.com\/en\/termini-e-condizioni\/\" \/>\n<meta property=\"og:site_name\" content=\"CornershopSorrento\" \/>\n<meta property=\"article:publisher\" content=\"https:\/\/www.facebook.com\/italiancornershop\" \/>\n<meta property=\"article:modified_time\" content=\"2025-08-06T14:11:39+00:00\" \/>\n<meta name=\"twitter:card\" content=\"summary_large_image\" \/>\n<meta name=\"twitter:label1\" content=\"Est. reading time\" \/>\n\t<meta name=\"twitter:data1\" content=\"8 minutes\" \/>\n<script type=\"application\/ld+json\" class=\"yoast-schema-graph\">{\"@context\":\"https:\/\/schema.org\",\"@graph\":[{\"@type\":\"WebPage\",\"@id\":\"https:\/\/cornershopsorrento.com\/termini-e-condizioni\/\",\"url\":\"https:\/\/cornershopsorrento.com\/termini-e-condizioni\/\",\"name\":\"Termini e Condizioni | CornerShop Sorrento\",\"isPartOf\":{\"@id\":\"https:\/\/cornershopsorrento.com\/#website\"},\"datePublished\":\"2025-07-09T15:38:27+00:00\",\"dateModified\":\"2025-08-06T14:11:39+00:00\",\"description\":\"Leggi i termini e condizioni di vendita di CornerShop Sorrento: modalit\u00e0 di acquisto, spedizioni, pagamenti, garanzie e tutela della privacy.\",\"breadcrumb\":{\"@id\":\"https:\/\/cornershopsorrento.com\/termini-e-condizioni\/#breadcrumb\"},\"inLanguage\":\"en-US\",\"potentialAction\":[{\"@type\":\"ReadAction\",\"target\":[\"https:\/\/cornershopsorrento.com\/termini-e-condizioni\/\"]}]},{\"@type\":\"BreadcrumbList\",\"@id\":\"https:\/\/cornershopsorrento.com\/termini-e-condizioni\/#breadcrumb\",\"itemListElement\":[{\"@type\":\"ListItem\",\"position\":1,\"name\":\"Home\",\"item\":\"https:\/\/cornershopsorrento.com\/\"},{\"@type\":\"ListItem\",\"position\":2,\"name\":\"Termini e Condizioni d\u2019Uso\"}]},{\"@type\":\"WebSite\",\"@id\":\"https:\/\/cornershopsorrento.com\/#website\",\"url\":\"https:\/\/cornershopsorrento.com\/\",\"name\":\"CornershopSorrento\",\"description\":\"Vini pregiati e specialit\u00e0 da Sorrento, selezionati con cura.\",\"publisher\":{\"@id\":\"https:\/\/cornershopsorrento.com\/#organization\"},\"potentialAction\":[{\"@type\":\"SearchAction\",\"target\":{\"@type\":\"EntryPoint\",\"urlTemplate\":\"https:\/\/cornershopsorrento.com\/?s={search_term_string}\"},\"query-input\":{\"@type\":\"PropertyValueSpecification\",\"valueRequired\":true,\"valueName\":\"search_term_string\"}}],\"inLanguage\":\"en-US\"},{\"@type\":\"Organization\",\"@id\":\"https:\/\/cornershopsorrento.com\/#organization\",\"name\":\"CornershopSorrento\",\"url\":\"https:\/\/cornershopsorrento.com\/\",\"logo\":{\"@type\":\"ImageObject\",\"inLanguage\":\"en-US\",\"@id\":\"https:\/\/cornershopsorrento.com\/#\/schema\/logo\/image\/\",\"url\":\"https:\/\/cornershopsorrento.live-website.com\/wp-content\/uploads\/2025\/06\/cornershop-sorrento-logo.png\",\"contentUrl\":\"https:\/\/cornershopsorrento.live-website.com\/wp-content\/uploads\/2025\/06\/cornershop-sorrento-logo.png\",\"width\":400,\"height\":207,\"caption\":\"CornershopSorrento\"},\"image\":{\"@id\":\"https:\/\/cornershopsorrento.com\/#\/schema\/logo\/image\/\"},\"sameAs\":[\"https:\/\/www.facebook.com\/italiancornershop\",\"https:\/\/www.instagram.com\/cornershopsorrento\/\"]}]}<\/script>\n<!-- \/ Yoast SEO plugin. -->","yoast_head_json":{"title":"Termini e Condizioni | CornerShop Sorrento","description":"Leggi i termini e condizioni di vendita di CornerShop Sorrento: modalit\u00e0 di acquisto, spedizioni, pagamenti, garanzie e tutela della privacy.","robots":{"index":"index","follow":"follow","max-snippet":"max-snippet:-1","max-image-preview":"max-image-preview:large","max-video-preview":"max-video-preview:-1"},"canonical":"https:\/\/cornershopsorrento.com\/en\/termini-e-condizioni\/","og_locale":"en_US","og_type":"article","og_title":"Termini e Condizioni | CornerShop Sorrento","og_description":"Leggi i termini e condizioni di vendita di CornerShop Sorrento: modalit\u00e0 di acquisto, spedizioni, pagamenti, garanzie e tutela della privacy.","og_url":"https:\/\/cornershopsorrento.com\/en\/termini-e-condizioni\/","og_site_name":"CornershopSorrento","article_publisher":"https:\/\/www.facebook.com\/italiancornershop","article_modified_time":"2025-08-06T14:11:39+00:00","twitter_card":"summary_large_image","twitter_misc":{"Est. reading time":"8 minutes"},"schema":{"@context":"https:\/\/schema.org","@graph":[{"@type":"WebPage","@id":"https:\/\/cornershopsorrento.com\/termini-e-condizioni\/","url":"https:\/\/cornershopsorrento.com\/termini-e-condizioni\/","name":"Termini e Condizioni | CornerShop Sorrento","isPartOf":{"@id":"https:\/\/cornershopsorrento.com\/#website"},"datePublished":"2025-07-09T15:38:27+00:00","dateModified":"2025-08-06T14:11:39+00:00","description":"Leggi i termini e condizioni di vendita di CornerShop Sorrento: modalit\u00e0 di acquisto, spedizioni, pagamenti, garanzie e tutela della privacy.","breadcrumb":{"@id":"https:\/\/cornershopsorrento.com\/termini-e-condizioni\/#breadcrumb"},"inLanguage":"en-US","potentialAction":[{"@type":"ReadAction","target":["https:\/\/cornershopsorrento.com\/termini-e-condizioni\/"]}]},{"@type":"BreadcrumbList","@id":"https:\/\/cornershopsorrento.com\/termini-e-condizioni\/#breadcrumb","itemListElement":[{"@type":"ListItem","position":1,"name":"Home","item":"https:\/\/cornershopsorrento.com\/"},{"@type":"ListItem","position":2,"name":"Termini e Condizioni d\u2019Uso"}]},{"@type":"WebSite","@id":"https:\/\/cornershopsorrento.com\/#website","url":"https:\/\/cornershopsorrento.com\/","name":"CornershopSorrento","description":"Vini pregiati e specialit\u00e0 da Sorrento, selezionati con cura.","publisher":{"@id":"https:\/\/cornershopsorrento.com\/#organization"},"potentialAction":[{"@type":"SearchAction","target":{"@type":"EntryPoint","urlTemplate":"https:\/\/cornershopsorrento.com\/?s={search_term_string}"},"query-input":{"@type":"PropertyValueSpecification","valueRequired":true,"valueName":"search_term_string"}}],"inLanguage":"en-US"},{"@type":"Organization","@id":"https:\/\/cornershopsorrento.com\/#organization","name":"CornershopSorrento","url":"https:\/\/cornershopsorrento.com\/","logo":{"@type":"ImageObject","inLanguage":"en-US","@id":"https:\/\/cornershopsorrento.com\/#\/schema\/logo\/image\/","url":"https:\/\/cornershopsorrento.live-website.com\/wp-content\/uploads\/2025\/06\/cornershop-sorrento-logo.png","contentUrl":"https:\/\/cornershopsorrento.live-website.com\/wp-content\/uploads\/2025\/06\/cornershop-sorrento-logo.png","width":400,"height":207,"caption":"CornershopSorrento"},"image":{"@id":"https:\/\/cornershopsorrento.com\/#\/schema\/logo\/image\/"},"sameAs":["https:\/\/www.facebook.com\/italiancornershop","https:\/\/www.instagram.com\/cornershopsorrento\/"]}]}},"_links":{"self":[{"href":"https:\/\/cornershopsorrento.com\/en\/wp-json\/wp\/v2\/pages\/1449","targetHints":{"allow":["GET"]}}],"collection":[{"href":"https:\/\/cornershopsorrento.com\/en\/wp-json\/wp\/v2\/pages"}],"about":[{"href":"https:\/\/cornershopsorrento.com\/en\/wp-json\/wp\/v2\/types\/page"}],"author":[{"embeddable":true,"href":"https:\/\/cornershopsorrento.com\/en\/wp-json\/wp\/v2\/users\/1"}],"replies":[{"embeddable":true,"href":"https:\/\/cornershopsorrento.com\/en\/wp-json\/wp\/v2\/comments?post=1449"}],"version-history":[{"count":11,"href":"https:\/\/cornershopsorrento.com\/en\/wp-json\/wp\/v2\/pages\/1449\/revisions"}],"predecessor-version":[{"id":1587,"href":"https:\/\/cornershopsorrento.com\/en\/wp-json\/wp\/v2\/pages\/1449\/revisions\/1587"}],"wp:attachment":[{"href":"https:\/\/cornershopsorrento.com\/en\/wp-json\/wp\/v2\/media?parent=1449"}],"curies":[{"name":"wp","href":"https:\/\/api.w.org\/{rel}","templated":true}]}}