{"id":782,"date":"2025-05-21T12:20:35","date_gmt":"2025-05-21T12:20:35","guid":{"rendered":"https:\/\/cornershopsorrento.live-website.com\/prodotto\/le-giare-gewurztraminer\/"},"modified":"2025-09-01T10:08:12","modified_gmt":"2025-09-01T08:08:12","slug":"le-giare-gewurztraminer","status":"publish","type":"product","link":"https:\/\/cornershopsorrento.com\/en\/product\/le-giare-gewurztraminer\/","title":{"rendered":"Le Giare Gew\u00fcrztraminer"},"content":{"rendered":"<p>Le Giare Gew\u00fcrztraminer is a grappa with a rich aromatic and spicy profile, distilled from Gew\u00fcrztraminer grape pomace.\n\nIts bold flavor reveals notes of rose petals, exotic spices, and candied fruit.\nAn intense and expressive spirit, perfect for those who love aromatic distillates with character.<\/p>","protected":false},"excerpt":{"rendered":"<p>Aromatic grappa with fruity and spicy notes.<\/p>","protected":false},"featured_media":781,"template":"","meta":[],"product_brand":[],"product_cat":[70],"product_tag":[],"class_list":{"0":"post-782","1":"product","2":"type-product","3":"status-publish","4":"has-post-thumbnail","6":"product_cat-liquori","8":"first","9":"instock","10":"shipping-taxable","11":"purchasable","12":"product-type-simple"},"yoast_head":"<!-- This site is optimized with the Yoast SEO plugin v27.0 - https:\/\/yoast.com\/product\/yoast-seo-wordpress\/ -->\n<title>Le Giare Gew\u00fcrztraminer - CornershopSorrento<\/title>\n<meta name=\"description\" content=\"Le Giare Gew\u00fcrztraminer \u00e8 una grappa dal profilo aromatico e speziato, distillata da vinacce di uva Gew\u00fcrztraminer.\" \/>\n<meta name=\"robots\" content=\"index, follow, max-snippet:-1, max-image-preview:large, max-video-preview:-1\" \/>\n<link rel=\"canonical\" href=\"https:\/\/cornershopsorrento.com\/en\/product\/le-giare-gewurztraminer\/\" \/>\n<meta property=\"og:locale\" content=\"en_US\" \/>\n<meta property=\"og:type\" content=\"article\" \/>\n<meta property=\"og:title\" content=\"Le Giare Gew\u00fcrztraminer - CornershopSorrento\" \/>\n<meta property=\"og:description\" content=\"Le Giare Gew\u00fcrztraminer \u00e8 una grappa dal profilo aromatico e speziato, distillata da vinacce di uva Gew\u00fcrztraminer.\" \/>\n<meta property=\"og:url\" content=\"https:\/\/cornershopsorrento.com\/en\/product\/le-giare-gewurztraminer\/\" \/>\n<meta property=\"og:site_name\" content=\"CornershopSorrento\" \/>\n<meta property=\"article:publisher\" content=\"https:\/\/www.facebook.com\/italiancornershop\" \/>\n<meta property=\"article:modified_time\" content=\"2025-09-01T08:08:12+00:00\" \/>\n<meta property=\"og:image\" content=\"https:\/\/cornershopsorrento.com\/wp-content\/uploads\/2025\/05\/le-giare-gewurztraminer-.jpg\" \/>\n\t<meta property=\"og:image:width\" content=\"280\" \/>\n\t<meta property=\"og:image:height\" content=\"400\" \/>\n\t<meta property=\"og:image:type\" content=\"image\/jpeg\" \/>\n<meta name=\"twitter:card\" content=\"summary_large_image\" \/>\n<meta name=\"twitter:label1\" content=\"Est. reading time\" \/>\n\t<meta name=\"twitter:data1\" content=\"1 minute\" \/>\n<script type=\"application\/ld+json\" class=\"yoast-schema-graph\">{\"@context\":\"https:\/\/schema.org\",\"@graph\":[{\"@type\":\"WebPage\",\"@id\":\"https:\/\/cornershopsorrento.com\/prodotto\/le-giare-gewurztraminer\/\",\"url\":\"https:\/\/cornershopsorrento.com\/prodotto\/le-giare-gewurztraminer\/\",\"name\":\"Le Giare Gew\u00fcrztraminer - CornershopSorrento\",\"isPartOf\":{\"@id\":\"https:\/\/cornershopsorrento.com\/#website\"},\"primaryImageOfPage\":{\"@id\":\"https:\/\/cornershopsorrento.com\/prodotto\/le-giare-gewurztraminer\/#primaryimage\"},\"image\":{\"@id\":\"https:\/\/cornershopsorrento.com\/prodotto\/le-giare-gewurztraminer\/#primaryimage\"},\"thumbnailUrl\":\"https:\/\/cornershopsorrento.com\/wp-content\/uploads\/2025\/05\/le-giare-gewurztraminer-.jpg\",\"datePublished\":\"2025-05-21T12:20:35+00:00\",\"dateModified\":\"2025-09-01T08:08:12+00:00\",\"description\":\"Le Giare Gew\u00fcrztraminer \u00e8 una grappa dal profilo aromatico e speziato, distillata da vinacce di uva Gew\u00fcrztraminer.\",\"breadcrumb\":{\"@id\":\"https:\/\/cornershopsorrento.com\/prodotto\/le-giare-gewurztraminer\/#breadcrumb\"},\"inLanguage\":\"en-US\",\"potentialAction\":[{\"@type\":\"ReadAction\",\"target\":[\"https:\/\/cornershopsorrento.com\/prodotto\/le-giare-gewurztraminer\/\"]}]},{\"@type\":\"ImageObject\",\"inLanguage\":\"en-US\",\"@id\":\"https:\/\/cornershopsorrento.com\/prodotto\/le-giare-gewurztraminer\/#primaryimage\",\"url\":\"https:\/\/cornershopsorrento.com\/wp-content\/uploads\/2025\/05\/le-giare-gewurztraminer-.jpg\",\"contentUrl\":\"https:\/\/cornershopsorrento.com\/wp-content\/uploads\/2025\/05\/le-giare-gewurztraminer-.jpg\",\"width\":280,\"height\":400},{\"@type\":\"BreadcrumbList\",\"@id\":\"https:\/\/cornershopsorrento.com\/prodotto\/le-giare-gewurztraminer\/#breadcrumb\",\"itemListElement\":[{\"@type\":\"ListItem\",\"position\":1,\"name\":\"Home\",\"item\":\"https:\/\/cornershopsorrento.com\/\"},{\"@type\":\"ListItem\",\"position\":2,\"name\":\"Shop\",\"item\":\"https:\/\/cornershopsorrento.com\/negozio\/\"},{\"@type\":\"ListItem\",\"position\":3,\"name\":\"Le Giare Gew\u00fcrztraminer\"}]},{\"@type\":\"WebSite\",\"@id\":\"https:\/\/cornershopsorrento.com\/#website\",\"url\":\"https:\/\/cornershopsorrento.com\/\",\"name\":\"CornershopSorrento\",\"description\":\"Vini pregiati e specialit\u00e0 da Sorrento, selezionati con cura.\",\"publisher\":{\"@id\":\"https:\/\/cornershopsorrento.com\/#organization\"},\"potentialAction\":[{\"@type\":\"SearchAction\",\"target\":{\"@type\":\"EntryPoint\",\"urlTemplate\":\"https:\/\/cornershopsorrento.com\/?s={search_term_string}\"},\"query-input\":{\"@type\":\"PropertyValueSpecification\",\"valueRequired\":true,\"valueName\":\"search_term_string\"}}],\"inLanguage\":\"en-US\"},{\"@type\":\"Organization\",\"@id\":\"https:\/\/cornershopsorrento.com\/#organization\",\"name\":\"CornershopSorrento\",\"url\":\"https:\/\/cornershopsorrento.com\/\",\"logo\":{\"@type\":\"ImageObject\",\"inLanguage\":\"en-US\",\"@id\":\"https:\/\/cornershopsorrento.com\/#\/schema\/logo\/image\/\",\"url\":\"https:\/\/cornershopsorrento.live-website.com\/wp-content\/uploads\/2025\/06\/cornershop-sorrento-logo.png\",\"contentUrl\":\"https:\/\/cornershopsorrento.live-website.com\/wp-content\/uploads\/2025\/06\/cornershop-sorrento-logo.png\",\"width\":400,\"height\":207,\"caption\":\"CornershopSorrento\"},\"image\":{\"@id\":\"https:\/\/cornershopsorrento.com\/#\/schema\/logo\/image\/\"},\"sameAs\":[\"https:\/\/www.facebook.com\/italiancornershop\",\"https:\/\/www.instagram.com\/cornershopsorrento\/\"]}]}<\/script>\n<!-- \/ Yoast SEO plugin. -->","yoast_head_json":{"title":"Le Giare Gew\u00fcrztraminer - CornershopSorrento","description":"Le Giare Gew\u00fcrztraminer \u00e8 una grappa dal profilo aromatico e speziato, distillata da vinacce di uva Gew\u00fcrztraminer.","robots":{"index":"index","follow":"follow","max-snippet":"max-snippet:-1","max-image-preview":"max-image-preview:large","max-video-preview":"max-video-preview:-1"},"canonical":"https:\/\/cornershopsorrento.com\/en\/product\/le-giare-gewurztraminer\/","og_locale":"en_US","og_type":"article","og_title":"Le Giare Gew\u00fcrztraminer - CornershopSorrento","og_description":"Le Giare Gew\u00fcrztraminer \u00e8 una grappa dal profilo aromatico e speziato, distillata da vinacce di uva Gew\u00fcrztraminer.","og_url":"https:\/\/cornershopsorrento.com\/en\/product\/le-giare-gewurztraminer\/","og_site_name":"CornershopSorrento","article_publisher":"https:\/\/www.facebook.com\/italiancornershop","article_modified_time":"2025-09-01T08:08:12+00:00","og_image":[{"width":280,"height":400,"url":"https:\/\/cornershopsorrento.com\/wp-content\/uploads\/2025\/05\/le-giare-gewurztraminer-.jpg","type":"image\/jpeg"}],"twitter_card":"summary_large_image","twitter_misc":{"Est. reading time":"1 minute"},"schema":{"@context":"https:\/\/schema.org","@graph":[{"@type":"WebPage","@id":"https:\/\/cornershopsorrento.com\/prodotto\/le-giare-gewurztraminer\/","url":"https:\/\/cornershopsorrento.com\/prodotto\/le-giare-gewurztraminer\/","name":"Le Giare Gew\u00fcrztraminer - CornershopSorrento","isPartOf":{"@id":"https:\/\/cornershopsorrento.com\/#website"},"primaryImageOfPage":{"@id":"https:\/\/cornershopsorrento.com\/prodotto\/le-giare-gewurztraminer\/#primaryimage"},"image":{"@id":"https:\/\/cornershopsorrento.com\/prodotto\/le-giare-gewurztraminer\/#primaryimage"},"thumbnailUrl":"https:\/\/cornershopsorrento.com\/wp-content\/uploads\/2025\/05\/le-giare-gewurztraminer-.jpg","datePublished":"2025-05-21T12:20:35+00:00","dateModified":"2025-09-01T08:08:12+00:00","description":"Le Giare Gew\u00fcrztraminer \u00e8 una grappa dal profilo aromatico e speziato, distillata da vinacce di uva Gew\u00fcrztraminer.","breadcrumb":{"@id":"https:\/\/cornershopsorrento.com\/prodotto\/le-giare-gewurztraminer\/#breadcrumb"},"inLanguage":"en-US","potentialAction":[{"@type":"ReadAction","target":["https:\/\/cornershopsorrento.com\/prodotto\/le-giare-gewurztraminer\/"]}]},{"@type":"ImageObject","inLanguage":"en-US","@id":"https:\/\/cornershopsorrento.com\/prodotto\/le-giare-gewurztraminer\/#primaryimage","url":"https:\/\/cornershopsorrento.com\/wp-content\/uploads\/2025\/05\/le-giare-gewurztraminer-.jpg","contentUrl":"https:\/\/cornershopsorrento.com\/wp-content\/uploads\/2025\/05\/le-giare-gewurztraminer-.jpg","width":280,"height":400},{"@type":"BreadcrumbList","@id":"https:\/\/cornershopsorrento.com\/prodotto\/le-giare-gewurztraminer\/#breadcrumb","itemListElement":[{"@type":"ListItem","position":1,"name":"Home","item":"https:\/\/cornershopsorrento.com\/"},{"@type":"ListItem","position":2,"name":"Shop","item":"https:\/\/cornershopsorrento.com\/negozio\/"},{"@type":"ListItem","position":3,"name":"Le Giare Gew\u00fcrztraminer"}]},{"@type":"WebSite","@id":"https:\/\/cornershopsorrento.com\/#website","url":"https:\/\/cornershopsorrento.com\/","name":"CornershopSorrento","description":"Vini pregiati e specialit\u00e0 da Sorrento, selezionati con cura.","publisher":{"@id":"https:\/\/cornershopsorrento.com\/#organization"},"potentialAction":[{"@type":"SearchAction","target":{"@type":"EntryPoint","urlTemplate":"https:\/\/cornershopsorrento.com\/?s={search_term_string}"},"query-input":{"@type":"PropertyValueSpecification","valueRequired":true,"valueName":"search_term_string"}}],"inLanguage":"en-US"},{"@type":"Organization","@id":"https:\/\/cornershopsorrento.com\/#organization","name":"CornershopSorrento","url":"https:\/\/cornershopsorrento.com\/","logo":{"@type":"ImageObject","inLanguage":"en-US","@id":"https:\/\/cornershopsorrento.com\/#\/schema\/logo\/image\/","url":"https:\/\/cornershopsorrento.live-website.com\/wp-content\/uploads\/2025\/06\/cornershop-sorrento-logo.png","contentUrl":"https:\/\/cornershopsorrento.live-website.com\/wp-content\/uploads\/2025\/06\/cornershop-sorrento-logo.png","width":400,"height":207,"caption":"CornershopSorrento"},"image":{"@id":"https:\/\/cornershopsorrento.com\/#\/schema\/logo\/image\/"},"sameAs":["https:\/\/www.facebook.com\/italiancornershop","https:\/\/www.instagram.com\/cornershopsorrento\/"]}]}},"_links":{"self":[{"href":"https:\/\/cornershopsorrento.com\/en\/wp-json\/wp\/v2\/product\/782","targetHints":{"allow":["GET"]}}],"collection":[{"href":"https:\/\/cornershopsorrento.com\/en\/wp-json\/wp\/v2\/product"}],"about":[{"href":"https:\/\/cornershopsorrento.com\/en\/wp-json\/wp\/v2\/types\/product"}],"wp:featuredmedia":[{"embeddable":true,"href":"https:\/\/cornershopsorrento.com\/en\/wp-json\/wp\/v2\/media\/781"}],"wp:attachment":[{"href":"https:\/\/cornershopsorrento.com\/en\/wp-json\/wp\/v2\/media?parent=782"}],"wp:term":[{"taxonomy":"product_brand","embeddable":true,"href":"https:\/\/cornershopsorrento.com\/en\/wp-json\/wp\/v2\/product_brand?post=782"},{"taxonomy":"product_cat","embeddable":true,"href":"https:\/\/cornershopsorrento.com\/en\/wp-json\/wp\/v2\/product_cat?post=782"},{"taxonomy":"product_tag","embeddable":true,"href":"https:\/\/cornershopsorrento.com\/en\/wp-json\/wp\/v2\/product_tag?post=782"}],"curies":[{"name":"wp","href":"https:\/\/api.w.org\/{rel}","templated":true}]}}